{"id":4387,"date":"2023-05-14T17:30:09","date_gmt":"2023-05-14T17:30:09","guid":{"rendered":"https:\/\/fundacion-ecotic.es\/legal\/avis-legal\/"},"modified":"2024-06-13T20:48:13","modified_gmt":"2024-06-13T20:48:13","slug":"avis-legal","status":"publish","type":"page","link":"https:\/\/fundacion-ecotic.es\/ca\/legal\/avis-legal\/","title":{"rendered":"Av\u00eds legal"},"content":{"rendered":"\t\t<div data-elementor-type=\"wp-page\" data-elementor-id=\"4387\" class=\"elementor elementor-4387 elementor-894\" data-elementor-post-type=\"page\">\n\t\t\t\t<div class=\"elementor-element elementor-element-1109a253 e-flex e-con-boxed e-con e-parent\" data-id=\"1109a253\" data-element_type=\"container\" data-e-type=\"container\" data-settings=\"{&quot;background_background&quot;:&quot;classic&quot;}\">\n\t\t\t\t\t<div class=\"e-con-inner\">\n\t\t\t\t<div class=\"elementor-element elementor-element-63444526 elementor-widget elementor-widget-heading\" data-id=\"63444526\" data-element_type=\"widget\" data-e-type=\"widget\" data-widget_type=\"heading.default\">\n\t\t\t\t<div class=\"elementor-widget-container\">\n\t\t\t\t\t<h3 class=\"elementor-heading-title elementor-size-default\">Fundaci\u00f3n ECOTIC<\/h3>\t\t\t\t<\/div>\n\t\t\t\t<\/div>\n\t\t\t\t<div class=\"elementor-element elementor-element-3d22c3bc elementor-widget elementor-widget-heading\" data-id=\"3d22c3bc\" data-element_type=\"widget\" data-e-type=\"widget\" data-widget_type=\"heading.default\">\n\t\t\t\t<div class=\"elementor-widget-container\">\n\t\t\t\t\t<h2 class=\"elementor-heading-title elementor-size-default\">Av\u00eds legal<\/h2>\t\t\t\t<\/div>\n\t\t\t\t<\/div>\n\t\t\t\t\t<\/div>\n\t\t\t\t<\/div>\n\t\t<div class=\"elementor-element elementor-element-627b942d e-flex e-con-boxed e-con e-parent\" data-id=\"627b942d\" data-element_type=\"container\" data-e-type=\"container\">\n\t\t\t\t\t<div class=\"e-con-inner\">\n\t\t\t\t<div class=\"elementor-element elementor-element-d592602 elementor-widget elementor-widget-text-editor\" data-id=\"d592602\" data-element_type=\"widget\" data-e-type=\"widget\" data-widget_type=\"text-editor.default\">\n\t\t\t\t<div class=\"elementor-widget-container\">\n\t\t\t\t\t\t\t\t\t<p><strong>INFORMACI\u00d3 GENERAL<\/strong><\/p>\n<p>En compliment de l&#8217;article 10 de la Llei 34\/2002, d&#8217;11 de juliol, de serveis de la societat de la informaci\u00f3 i de comer\u00e7 electr\u00f2nic (LSSI-CE), s&#8217;informa que el titular del lloc web <a href=\"https:\/\/www.fundacion-ecotic.es\/\">https:\/\/www.fundacion-ecotic.es\/<\/a> \u00e9s:<\/p>\n<p>La FUNDACI\u00d3N ECOTIC, amb NIF G63809214 i domicili social a l&#8217;av. Diagonal, 467 2n 1a (08036) Barcelona, inscrita al Registre d&#8217;associacions amb el n\u00fam. 080004.<\/p>\n<p>L&#8217;adre\u00e7a de correu electr\u00f2nic de contacte amb la fundaci\u00f3 \u00e9s: <a href=\"mailto:ecotic@ecotic.es\"> ecotic@ecotic.es.<\/a><\/p>\n<p><strong>OBJECTE<\/strong><\/p>\n<p>La present p\u00e0gina web, <a href=\"https:\/\/www.fundacion-ecotic.es\/\">https:\/\/www.fundacion-ecotic.es\/<\/a>, propietat de la FUNDACI\u00d3N ECOTIC, ha estat creada i dissenyada per donar a con\u00e8ixer i permetre l&#8217;acc\u00e9s general de tots els usuaris d&#8217;internet a la informaci\u00f3, activitats, productes i serveis oferts per aquesta entitat.<\/p>\n<p>El present av\u00eds legal t\u00e9 com a objecte establir les condicions generals que regulen l&#8217;acc\u00e9s i \u00fas general de l&#8217;esmentada p\u00e0gina web per part de tots els usuaris, de manera que l&#8217;acc\u00e9s i \u00fas d&#8217;aquesta implica necess\u00e0riament la submissi\u00f3 i acceptaci\u00f3 de les condicions generals citades incloses en aquest Av\u00eds legal.<\/p>\n<p><strong>USUARI<\/strong><\/p>\n<p>La utilitzaci\u00f3 d&#8217;aquesta p\u00e0gina web li atribueix la condici\u00f3 d&#8217;usuari d&#8217;aquesta.<\/p>\n<p>Es recomana a l&#8217;usuari que llegeixi atentament i detingudament les condicions i instruccions publicades cada vegada que accedeixi a aquesta p\u00e0gina web, at\u00e8s que l&#8217;acc\u00e9s implica la seva lectura i acceptaci\u00f3. Mitjan\u00e7ant l&#8217;acc\u00e9s a <a href=\"http:\/\/www.fundacion-ecotic.es\/\">http:\/\/www.fundacion-ecotic.es\/<\/a> o qualsevol de les seves p\u00e0gines i subdominis i l&#8217;\u00fas d&#8217;aquestes, l&#8217;usuari manifesta de forma expressa, plena i sense reserves que est\u00e0 d&#8217;acord amb les condicions i instruccions publicades a l&#8217;Av\u00eds legal en el moment de l&#8217;acc\u00e9s sense perjudici de l&#8217;aplicaci\u00f3 de la corresponent normativa d&#8217;obligat compliment legal segons el cas.<\/p>\n<p>Qualsevol utilitzaci\u00f3 diferent de l&#8217;autoritzada est\u00e0 expressament prohibida, i la FUNDACI\u00d3N ECOTIC queda facultada per denegar o retirar l&#8217;acc\u00e9s i \u00fas del web, en qualsevol moment, i sense previ av\u00eds, a aquells usuaris que incompleixin aquestes condicions generals.<\/p>\n<p>L&#8217;usuari assumeix la seva responsabilitat en l&#8217;\u00fas correcte del lloc web.<\/p>\n<p>Aquesta responsabilitat s&#8217;estendr\u00e0 a:<\/p>\n<ul>\n<li>La veracitat i licitud de les informacions aportades per l&#8217;usuari en els formularis estesos per la FUNDACI\u00d3N ECOTIC per a l&#8217;acc\u00e9s a certs continguts o serveis oferts pel web.<\/li>\n<li>L&#8217;\u00fas de la informaci\u00f3, serveis i dades ofertes per la FUNDACI\u00d3N ECOTIC contr\u00e0riament al que disposen les presents condicions, la Llei, la moral, els bons costums o l&#8217;ordre p\u00fablic, o que de qualsevol altra manera puguin suposar lesi\u00f3 dels drets de tercers o del mateix funcionament del lloc web.<\/li>\n<\/ul>\n<p><strong>\u00daS NO AUTORITZAT<\/strong><\/p>\n<p>L&#8217;usuari d&#8217;aquest lloc web es compromet a no fer-ne \u00fas per a finalitats o activitats il\u00b7legals o il\u00b7l\u00edcites; en conseq\u00fc\u00e8ncia, no podr\u00e0 variar cap dels elements incorporats a la nostra web, copiar, distribuir, transmetre, presentar, realitzar o, en general, reproduir de qualsevol manera, publicar, autoritzar o crear qualsevol treball sobre la base de la informaci\u00f3 o el contingut incorporat al nostre lloc web per la FUNDACI\u00d3N ECOTIC, els seus agents, directius, filials i\/o empleats.<\/p>\n<p><strong>POL\u00cdTICA D&#8217;ENLLA\u00c7OS I EXEMPCIONS DE RESPONSABILITAT <\/strong><\/p>\n<p>La FUNDACI\u00d3N ECOTIC no es fa responsable del contingut dels llocs web als quals l&#8217;usuari pugui accedir a trav\u00e9s dels enlla\u00e7os establerts al seu lloc web i declara que en cap cas procedir\u00e0 a examinar o exercitar cap tipus de control sobre el contingut d&#8217;altres llocs de la xarxa. Aix\u00ed mateix, tampoc garantir\u00e0 la disponibilitat t\u00e8cnica, exactitud, veracitat, validesa o legalitat de llocs aliens a la seva propietat als quals es pugui accedir per mitj\u00e0 dels enlla\u00e7os.<\/p>\n<p>La FUNDACI\u00d3N ECOTIC declara haver adoptat totes les mesures necess\u00e0ries per evitar qualsevol dany als usuaris del seu lloc web que pogu\u00e9s derivar-se de la navegaci\u00f3 pel seu lloc web. En conseq\u00fc\u00e8ncia, la FUNDACI\u00d3N ECOTIC no es fa responsable, en cap cas, dels eventuals danys que per la navegaci\u00f3 per internet pogu\u00e9s patir l&#8217;usuari.<\/p>\n<p><strong>MODIFICACIONS<\/strong><\/p>\n<p>La FUNDACI\u00d3N ECOTIC es reserva el dret a realitzar les modificacions que consideri oportunes, sense av\u00eds previ, al contingut del seu lloc web. Tant pel que fa als continguts del lloc web com a les condicions d&#8217;\u00fas del mateix o a les condicions generals de contractaci\u00f3. Aquestes modificacions podran realitzar-se a trav\u00e9s del seu lloc web per qualsevol manera admissible en dret i seran d&#8217;obligat compliment durant el temps en qu\u00e8 es trobin publicades al web i fins que no siguin modificades v\u00e0lidament per altres posteriors.<\/p>\n<p><strong>PROPIETAT INTEL\u00b7LECTUAL I INDUSTRIAL<\/strong><\/p>\n<p>La FUNDACI\u00d3N ECOTIC, per si mateixa o com cession\u00e0ria, \u00e9s titular de tots els drets de propietat intel\u00b7lectual i industrial de la seva p\u00e0gina web, aix\u00ed com dels elements continguts en aquesta (a t\u00edtol enunciatiu, imatges, so, \u00e0udio, v\u00eddeo, programari o textos; marques o logotips, combinacions de colors, estructura i disseny, selecci\u00f3 de materials usats, programes d&#8217;ordinador necessaris per al seu funcionament, acc\u00e9s i \u00fas, etc.), titularitat de la FUNDACI\u00d3N ECOTIC. Seran, per tant, obres protegides com a propietat intel\u00b7lectual per l&#8217;ordenament jur\u00eddic espanyol, i els \u00e9s d&#8217;aplicaci\u00f3 tant la normativa espanyola i comunit\u00e0ria en aquest camp com els tractats internacionals relatius a la mat\u00e8ria i subscrits per Espanya.<\/p>\n<p>Tots els drets reservats. En cap cas s&#8217;entendr\u00e0 que es concedeix cap llic\u00e8ncia o s&#8217;efectua ren\u00fancia, transmissi\u00f3, cessi\u00f3 total o parcial d&#8217;aquests drets. En virtut del que disposen els articles 8 i 32.1, par\u00e0graf segon, de la Llei de propietat intel\u00b7lectual, queden expressament prohibides la reproducci\u00f3, distribuci\u00f3 i comunicaci\u00f3 p\u00fablica, inclosa la seva modalitat de posada a disposici\u00f3, de la totalitat o part dels continguts d&#8217;aquesta p\u00e0gina web, amb finalitats comercials, en qualsevol suport i per qualsevol mitj\u00e0 t\u00e8cnic, sense l&#8217;autoritzaci\u00f3 de la FUNDACI\u00d3N ECOTIC.<\/p>\n<p>L&#8217;usuari es compromet a respectar els drets de propietat intel\u00b7lectual i industrial titularitat de la FUNDACI\u00d3N ECOTIC. Podr\u00e0 visualitzar els elements del portal i fins i tot imprimir-los, copiar-los i emmagatzemar-los al disc dur del seu ordinador o en qualsevol altre suport f\u00edsic sempre que sigui, \u00fanicament i exclusivament, per al seu \u00fas personal i privat. Les marques comercials s\u00f3n d&#8217;\u00fas no autoritzat, de manera que no podran usar-se per cap tercer sense el consentiment expr\u00e9s per escrit i signat pels seus propietaris. Igualment, l&#8217;usuari no est\u00e0 autoritzat a utilitzar, en qualsevol altre lloc web, les marques comercials de la FUNDACI\u00d3N ECOTIC com a enlla\u00e7os sense el seu previ consentiment per escrit.<\/p>\n<p>Encara que l&#8217;usuari descarregui a la nostra web qualsevol de les aplicacions disponibles per a aquesta finalitat, aix\u00f2 no li atorgar\u00e0 cap dret sobre aquestes, at\u00e8s que la FUNDACI\u00d3N ECOTIC nom\u00e9s li autoritza el seu \u00fas i conserva tots els drets d&#8217;aquestes.<\/p>\n<p>L&#8217;usuari s&#8217;ha d&#8217;abstenir de suprimir, alterar, eludir o manipular qualsevol dispositiu de protecci\u00f3 o sistema de seguretat que estigu\u00e9s instal\u00b7lat a les p\u00e0gines de la FUNDACI\u00d3N ECOTIC.<\/p>\n<p><strong>ACCIONS LEGALS, LEGISLACI\u00d3 APLICABLE I JURISDICCI\u00d3<\/strong><\/p>\n<p>La FUNDACI\u00d3N ECOTIC es reserva, aix\u00ed mateix, la facultat de presentar les accions civils o penals que consideri oportunes per la utilitzaci\u00f3 indeguda del seu lloc web i continguts, o per l&#8217;incompliment de les presents condicions.<\/p>\n<p>La relaci\u00f3 entre l&#8217;usuari i el prestador es regir\u00e0 per la normativa vigent i d&#8217;aplicaci\u00f3 en el territori espanyol. En cas de sorgir qualsevol controv\u00e8rsia, se sotmetr\u00e0 als jutjats i tribunals de la ciutat de Barcelona, Espanya.<\/p>\n\t\t\t\t\t\t\t\t<\/div>\n\t\t\t\t<\/div>\n\t\t\t\t\t<\/div>\n\t\t\t\t<\/div>\n\t\t\t\t<\/div>\n\t\t","protected":false},"excerpt":{"rendered":"<p>Fundaci\u00f3n ECOTIC Av\u00eds legal INFORMACI\u00d3 GENERAL En compliment de l&#8217;article 10 de la Llei 34\/2002, d&#8217;11 de juliol, de serveis de la societat de la informaci\u00f3 i de comer\u00e7 electr\u00f2nic (LSSI-CE), s&#8217;informa que el titular del lloc web https:\/\/www.fundacion-ecotic.es\/ \u00e9s: La FUNDACI\u00d3N ECOTIC, amb NIF G63809214 i domicili social a l&#8217;av. Diagonal, 467 2n 1a [&hellip;]<\/p>\n","protected":false},"author":2,"featured_media":0,"parent":4353,"menu_order":0,"comment_status":"closed","ping_status":"closed","template":"","meta":{"footnotes":""},"class_list":["post-4387","page","type-page","status-publish","hentry"],"yoast_head":"<!-- This site is optimized with the Yoast SEO plugin v27.5 - https:\/\/yoast.com\/product\/yoast-seo-wordpress\/ -->\n<title>Av\u00eds legal - Ecotic<\/title>\n<meta name=\"description\" content=\"Av\u00eds legal Aquest web ha estat creat per donar a con\u00e8ixer als usuaris d&#039;internet, la informaci\u00f3, activitats i serveis oferts.\" \/>\n<meta name=\"robots\" content=\"index, follow, max-snippet:-1, max-image-preview:large, max-video-preview:-1\" \/>\n<link rel=\"canonical\" href=\"https:\/\/fundacion-ecotic.es\/ca\/legal\/avis-legal\/\" \/>\n<meta property=\"og:locale\" content=\"ca_ES\" \/>\n<meta property=\"og:type\" content=\"article\" \/>\n<meta property=\"og:title\" content=\"Av\u00eds legal - Ecotic\" \/>\n<meta property=\"og:description\" content=\"Av\u00eds legal Aquest web ha estat creat per donar a con\u00e8ixer als usuaris d&#039;internet, la informaci\u00f3, activitats i serveis oferts.\" \/>\n<meta property=\"og:url\" content=\"https:\/\/fundacion-ecotic.es\/ca\/legal\/avis-legal\/\" \/>\n<meta property=\"og:site_name\" content=\"Ecotic\" \/>\n<meta property=\"article:modified_time\" content=\"2024-06-13T20:48:13+00:00\" \/>\n<meta name=\"twitter:card\" content=\"summary_large_image\" \/>\n<meta name=\"twitter:label1\" content=\"Temps estimat de lectura\" \/>\n\t<meta name=\"twitter:data1\" content=\"6 minuts\" \/>\n<script type=\"application\/ld+json\" class=\"yoast-schema-graph\">{\"@context\":\"https:\\\/\\\/schema.org\",\"@graph\":[{\"@type\":\"WebPage\",\"@id\":\"https:\\\/\\\/fundacion-ecotic.es\\\/ca\\\/legal\\\/avis-legal\\\/\",\"url\":\"https:\\\/\\\/fundacion-ecotic.es\\\/ca\\\/legal\\\/avis-legal\\\/\",\"name\":\"Av\u00eds legal - Ecotic\",\"isPartOf\":{\"@id\":\"https:\\\/\\\/fundacion-ecotic.es\\\/ca\\\/#website\"},\"datePublished\":\"2023-05-14T17:30:09+00:00\",\"dateModified\":\"2024-06-13T20:48:13+00:00\",\"description\":\"Av\u00eds legal Aquest web ha estat creat per donar a con\u00e8ixer als usuaris d'internet, la informaci\u00f3, activitats i serveis oferts.\",\"breadcrumb\":{\"@id\":\"https:\\\/\\\/fundacion-ecotic.es\\\/ca\\\/legal\\\/avis-legal\\\/#breadcrumb\"},\"inLanguage\":\"ca\",\"potentialAction\":[{\"@type\":\"ReadAction\",\"target\":[\"https:\\\/\\\/fundacion-ecotic.es\\\/ca\\\/legal\\\/avis-legal\\\/\"]}]},{\"@type\":\"BreadcrumbList\",\"@id\":\"https:\\\/\\\/fundacion-ecotic.es\\\/ca\\\/legal\\\/avis-legal\\\/#breadcrumb\",\"itemListElement\":[{\"@type\":\"ListItem\",\"position\":1,\"name\":\"Portada\",\"item\":\"https:\\\/\\\/fundacion-ecotic.es\\\/ca\\\/\"},{\"@type\":\"ListItem\",\"position\":2,\"name\":\"legal\",\"item\":\"https:\\\/\\\/fundacion-ecotic.es\\\/ca\\\/legal\\\/\"},{\"@type\":\"ListItem\",\"position\":3,\"name\":\"Av\u00eds legal\"}]},{\"@type\":\"WebSite\",\"@id\":\"https:\\\/\\\/fundacion-ecotic.es\\\/ca\\\/#website\",\"url\":\"https:\\\/\\\/fundacion-ecotic.es\\\/ca\\\/\",\"name\":\"Ecotic\",\"description\":\"Ecotic\",\"publisher\":{\"@id\":\"https:\\\/\\\/fundacion-ecotic.es\\\/ca\\\/#organization\"},\"potentialAction\":[{\"@type\":\"SearchAction\",\"target\":{\"@type\":\"EntryPoint\",\"urlTemplate\":\"https:\\\/\\\/fundacion-ecotic.es\\\/ca\\\/?s={search_term_string}\"},\"query-input\":{\"@type\":\"PropertyValueSpecification\",\"valueRequired\":true,\"valueName\":\"search_term_string\"}}],\"inLanguage\":\"ca\"},{\"@type\":\"Organization\",\"@id\":\"https:\\\/\\\/fundacion-ecotic.es\\\/ca\\\/#organization\",\"name\":\"Ecotic\",\"url\":\"https:\\\/\\\/fundacion-ecotic.es\\\/ca\\\/\",\"logo\":{\"@type\":\"ImageObject\",\"inLanguage\":\"ca\",\"@id\":\"https:\\\/\\\/fundacion-ecotic.es\\\/ca\\\/#\\\/schema\\\/logo\\\/image\\\/\",\"url\":\"https:\\\/\\\/fundacion-ecotic.es\\\/wp-content\\\/uploads\\\/2024\\\/04\\\/logo-ecotic-fundacion.png\",\"contentUrl\":\"https:\\\/\\\/fundacion-ecotic.es\\\/wp-content\\\/uploads\\\/2024\\\/04\\\/logo-ecotic-fundacion.png\",\"width\":102,\"height\":39,\"caption\":\"Ecotic\"},\"image\":{\"@id\":\"https:\\\/\\\/fundacion-ecotic.es\\\/ca\\\/#\\\/schema\\\/logo\\\/image\\\/\"}}]}<\/script>\n<!-- \/ Yoast SEO plugin. -->","yoast_head_json":{"title":"Av\u00eds legal - Ecotic","description":"Av\u00eds legal Aquest web ha estat creat per donar a con\u00e8ixer als usuaris d'internet, la informaci\u00f3, activitats i serveis oferts.","robots":{"index":"index","follow":"follow","max-snippet":"max-snippet:-1","max-image-preview":"max-image-preview:large","max-video-preview":"max-video-preview:-1"},"canonical":"https:\/\/fundacion-ecotic.es\/ca\/legal\/avis-legal\/","og_locale":"ca_ES","og_type":"article","og_title":"Av\u00eds legal - Ecotic","og_description":"Av\u00eds legal Aquest web ha estat creat per donar a con\u00e8ixer als usuaris d'internet, la informaci\u00f3, activitats i serveis oferts.","og_url":"https:\/\/fundacion-ecotic.es\/ca\/legal\/avis-legal\/","og_site_name":"Ecotic","article_modified_time":"2024-06-13T20:48:13+00:00","twitter_card":"summary_large_image","twitter_misc":{"Temps estimat de lectura":"6 minuts"},"schema":{"@context":"https:\/\/schema.org","@graph":[{"@type":"WebPage","@id":"https:\/\/fundacion-ecotic.es\/ca\/legal\/avis-legal\/","url":"https:\/\/fundacion-ecotic.es\/ca\/legal\/avis-legal\/","name":"Av\u00eds legal - Ecotic","isPartOf":{"@id":"https:\/\/fundacion-ecotic.es\/ca\/#website"},"datePublished":"2023-05-14T17:30:09+00:00","dateModified":"2024-06-13T20:48:13+00:00","description":"Av\u00eds legal Aquest web ha estat creat per donar a con\u00e8ixer als usuaris d'internet, la informaci\u00f3, activitats i serveis oferts.","breadcrumb":{"@id":"https:\/\/fundacion-ecotic.es\/ca\/legal\/avis-legal\/#breadcrumb"},"inLanguage":"ca","potentialAction":[{"@type":"ReadAction","target":["https:\/\/fundacion-ecotic.es\/ca\/legal\/avis-legal\/"]}]},{"@type":"BreadcrumbList","@id":"https:\/\/fundacion-ecotic.es\/ca\/legal\/avis-legal\/#breadcrumb","itemListElement":[{"@type":"ListItem","position":1,"name":"Portada","item":"https:\/\/fundacion-ecotic.es\/ca\/"},{"@type":"ListItem","position":2,"name":"legal","item":"https:\/\/fundacion-ecotic.es\/ca\/legal\/"},{"@type":"ListItem","position":3,"name":"Av\u00eds legal"}]},{"@type":"WebSite","@id":"https:\/\/fundacion-ecotic.es\/ca\/#website","url":"https:\/\/fundacion-ecotic.es\/ca\/","name":"Ecotic","description":"Ecotic","publisher":{"@id":"https:\/\/fundacion-ecotic.es\/ca\/#organization"},"potentialAction":[{"@type":"SearchAction","target":{"@type":"EntryPoint","urlTemplate":"https:\/\/fundacion-ecotic.es\/ca\/?s={search_term_string}"},"query-input":{"@type":"PropertyValueSpecification","valueRequired":true,"valueName":"search_term_string"}}],"inLanguage":"ca"},{"@type":"Organization","@id":"https:\/\/fundacion-ecotic.es\/ca\/#organization","name":"Ecotic","url":"https:\/\/fundacion-ecotic.es\/ca\/","logo":{"@type":"ImageObject","inLanguage":"ca","@id":"https:\/\/fundacion-ecotic.es\/ca\/#\/schema\/logo\/image\/","url":"https:\/\/fundacion-ecotic.es\/wp-content\/uploads\/2024\/04\/logo-ecotic-fundacion.png","contentUrl":"https:\/\/fundacion-ecotic.es\/wp-content\/uploads\/2024\/04\/logo-ecotic-fundacion.png","width":102,"height":39,"caption":"Ecotic"},"image":{"@id":"https:\/\/fundacion-ecotic.es\/ca\/#\/schema\/logo\/image\/"}}]}},"_links":{"self":[{"href":"https:\/\/fundacion-ecotic.es\/ca\/wp-json\/wp\/v2\/pages\/4387","targetHints":{"allow":["GET"]}}],"collection":[{"href":"https:\/\/fundacion-ecotic.es\/ca\/wp-json\/wp\/v2\/pages"}],"about":[{"href":"https:\/\/fundacion-ecotic.es\/ca\/wp-json\/wp\/v2\/types\/page"}],"author":[{"embeddable":true,"href":"https:\/\/fundacion-ecotic.es\/ca\/wp-json\/wp\/v2\/users\/2"}],"replies":[{"embeddable":true,"href":"https:\/\/fundacion-ecotic.es\/ca\/wp-json\/wp\/v2\/comments?post=4387"}],"version-history":[{"count":1,"href":"https:\/\/fundacion-ecotic.es\/ca\/wp-json\/wp\/v2\/pages\/4387\/revisions"}],"predecessor-version":[{"id":4388,"href":"https:\/\/fundacion-ecotic.es\/ca\/wp-json\/wp\/v2\/pages\/4387\/revisions\/4388"}],"up":[{"embeddable":true,"href":"https:\/\/fundacion-ecotic.es\/ca\/wp-json\/wp\/v2\/pages\/4353"}],"wp:attachment":[{"href":"https:\/\/fundacion-ecotic.es\/ca\/wp-json\/wp\/v2\/media?parent=4387"}],"curies":[{"name":"wp","href":"https:\/\/api.w.org\/{rel}","templated":true}]}}